{"id":729,"date":"2019-04-25T22:11:32","date_gmt":"2019-04-25T20:11:32","guid":{"rendered":"https:\/\/stefanschulz.com\/talkradio\/?page_id=729"},"modified":"2019-05-15T13:36:33","modified_gmt":"2019-05-15T11:36:33","slug":"archiv","status":"publish","type":"page","link":"https:\/\/stefanschulz.com\/talkradio\/archiv\/","title":{"rendered":"Archiv"},"content":{"rendered":"<p><div id='1' class='widgets_on_page wop_tiny1  wop_small1  wop_medium1  wop_large1  wop_wide1'>\n\t\t\t<ul><li id=\"search-3\" class=\"widget widget_search\"><h2 class=\"widgettitle\">Suche<\/h2><form role=\"search\" method=\"get\" class=\"search-form\" action=\"https:\/\/stefanschulz.com\/talkradio\/\">\n\t\t\t\t<label>\n\t\t\t\t\t<span class=\"screen-reader-text\">Suche nach:<\/span>\n\t\t\t\t\t<input type=\"search\" class=\"search-field\" placeholder=\"Suchen\u00a0\u2026\" value=\"\" name=\"s\" \/>\n\t\t\t\t<\/label>\n\t\t\t\t<input type=\"submit\" class=\"search-submit screen-reader-text\" value=\"Suchen\" \/>\n\t\t\t<\/form><\/li><\/ul><\/div><!-- widgets_on_page --><br \/>\n<table class=\"archiv\">\n    <tbody>\n            <tr class=\"podcast_archive_element\">\n            <td class=\"date\">\n                <span class=\"release_date\">\n                    04.03.2020\n                <\/span>\n            <\/td>\n            <td class=\"title\">\n                <span style=\"color:#777;\">(35)<\/span> <a href=\"https:\/\/stefanschulz.com\/talkradio\/super-sad-tuesday\/\"><strong>Super Sad Tuesday<\/strong><\/a> <br>\n                <span style=\"font-size: smaller;color:#777;\">Joe Biden soll es offenbar gegen Donald Trump richten, er ist der ideale demokratische Kandidat f\u00fcr Populismus-Strategen wie Stephen Bannon<\/span>\n            <\/td>\n        <\/tr>\n            <tr class=\"podcast_archive_element\">\n            <td class=\"date\">\n                <span class=\"release_date\">\n                    18.10.2019\n                <\/span>\n            <\/td>\n            <td class=\"title\">\n                <span style=\"color:#777;\">(34)<\/span> <a href=\"https:\/\/stefanschulz.com\/talkradio\/frauen-bleiben-chancenlos\/\"><strong>Frauen bleiben chancenlos<\/strong><\/a> <br>\n                <span style=\"font-size: smaller;color:#777;\">In der Shell-Jugendstudie steckt viel Rentnerrepublik<\/span>\n            <\/td>\n        <\/tr>\n            <tr class=\"podcast_archive_element\">\n            <td class=\"date\">\n                <span class=\"release_date\">\n                    12.10.2019\n                <\/span>\n            <\/td>\n            <td class=\"title\">\n                <span style=\"color:#777;\">(33)<\/span> <a href=\"https:\/\/stefanschulz.com\/talkradio\/was-uns-youtube-lehrt\/\"><strong>Was uns Youtube lehrt<\/strong><\/a> <br>\n                <span style=\"font-size: smaller;color:#777;\">Ich rede mit Wolfgang M. Schmitt \u00fcber die kommende Gesellschaft und ihre Medien<\/span>\n            <\/td>\n        <\/tr>\n            <tr class=\"podcast_archive_element\">\n            <td class=\"date\">\n                <span class=\"release_date\">\n                    19.09.2019\n                <\/span>\n            <\/td>\n            <td class=\"title\">\n                <span style=\"color:#777;\">(32)<\/span> <a href=\"https:\/\/stefanschulz.com\/talkradio\/das-demgrafische-dilemma\/\"><strong>Das demografische Dilemma<\/strong><\/a> <br>\n                <span style=\"font-size: smaller;color:#777;\">100.000 mehr Kinder pro Jahrgang bedeutet, dass der sozialpolitische Druck auf die Rentnerjahrg\u00e4nge w\u00e4chst<\/span>\n            <\/td>\n        <\/tr>\n            <tr class=\"podcast_archive_element\">\n            <td class=\"date\">\n                <span class=\"release_date\">\n                    11.09.2019\n                <\/span>\n            <\/td>\n            <td class=\"title\">\n                <span style=\"color:#777;\">(31)<\/span> <a href=\"https:\/\/stefanschulz.com\/talkradio\/wirbelwind-andrew-yang\/\"><strong>Wirbelwind Andrew Yang<\/strong><\/a> <br>\n                <span style=\"font-size: smaller;color:#777;\">Andrew Yang kam als spektakul\u00e4rer Wirbelwind in die CNN Klimadebatte<\/span>\n            <\/td>\n        <\/tr>\n            <tr class=\"podcast_archive_element\">\n            <td class=\"date\">\n                <span class=\"release_date\">\n                    30.08.2019\n                <\/span>\n            <\/td>\n            <td class=\"title\">\n                <span style=\"color:#777;\">(30)<\/span> <a href=\"https:\/\/stefanschulz.com\/talkradio\/googles-zauberstab-zerbrochen\/\"><strong>Googles Zauberstab (zerbrochen)<\/strong><\/a> <br>\n                <span style=\"font-size: smaller;color:#777;\">Yuval Harari war bei Google und hat den Laden kurz und klein geschlagen<\/span>\n            <\/td>\n        <\/tr>\n            <tr class=\"podcast_archive_element\">\n            <td class=\"date\">\n                <span class=\"release_date\">\n                    05.08.2019\n                <\/span>\n            <\/td>\n            <td class=\"title\">\n                <span style=\"color:#777;\">(29)<\/span> <a href=\"https:\/\/stefanschulz.com\/talkradio\/mark-zuckerbergs-visionen-zerstoert\/\"><strong>Mark Zuckerbergs Visionen (zerst\u00f6rt)<\/strong><\/a> <br>\n                <span style=\"font-size: smaller;color:#777;\">Yuval Noah Harari hat Mark Zuckerberg verpr\u00fcgelt<\/span>\n            <\/td>\n        <\/tr>\n            <tr class=\"podcast_archive_element\">\n            <td class=\"date\">\n                <span class=\"release_date\">\n                    28.06.2019\n                <\/span>\n            <\/td>\n            <td class=\"title\">\n                <span style=\"color:#777;\">(28)<\/span> <a href=\"https:\/\/stefanschulz.com\/talkradio\/amt-und-alter\/\"><strong>Amt und Alter<\/strong><\/a> <br>\n                <span style=\"font-size: smaller;color:#777;\">Erfolgreiche Pr\u00e4sidenten sind alte \u00dcberzeugungst\u00e4ter<\/span>\n            <\/td>\n        <\/tr>\n            <tr class=\"podcast_archive_element\">\n            <td class=\"date\">\n                <span class=\"release_date\">\n                    13.06.2019\n                <\/span>\n            <\/td>\n            <td class=\"title\">\n                <span style=\"color:#777;\">(27)<\/span> <a href=\"https:\/\/stefanschulz.com\/talkradio\/homo-romanticus-yuval-harari\/\"><strong>homo romanticus Yuval Harari<\/strong><\/a> <br>\n                <span style=\"font-size: smaller;color:#777;\">Wer ist Yuval Harari?<\/span>\n            <\/td>\n        <\/tr>\n            <tr class=\"podcast_archive_element\">\n            <td class=\"date\">\n                <span class=\"release_date\">\n                    06.06.2019\n                <\/span>\n            <\/td>\n            <td class=\"title\">\n                <span style=\"color:#777;\">(26)<\/span> <a href=\"https:\/\/stefanschulz.com\/talkradio\/junge-leute-alte-medien\/\"><strong>Junge Leute, alte Medien<\/strong><\/a> <br>\n                <span style=\"font-size: smaller;color:#777;\">Es waren junge Leute in den alten Medien und die Frage kam auf: Kann man neben dem Klima auch \u00fcber Soziales diskutieren?<\/span>\n            <\/td>\n        <\/tr>\n            <tr class=\"podcast_archive_element\">\n            <td class=\"date\">\n                <span class=\"release_date\">\n                    27.05.2019\n                <\/span>\n            <\/td>\n            <td class=\"title\">\n                <span style=\"color:#777;\">(25)<\/span> <a href=\"https:\/\/stefanschulz.com\/talkradio\/na-sowas-inhalte\/\"><strong>Na sowas, Inhalte!<\/strong><\/a> <br>\n                <span style=\"font-size: smaller;color:#777;\">Rezos Video hat die Politik nicht nur zu Youtube gebracht, sondern in die Medienwelt der Rentnerrepublik allgemein<\/span>\n            <\/td>\n        <\/tr>\n            <tr class=\"podcast_archive_element\">\n            <td class=\"date\">\n                <span class=\"release_date\">\n                    21.05.2019\n                <\/span>\n            <\/td>\n            <td class=\"title\">\n                <span style=\"color:#777;\">(24)<\/span> <a href=\"https:\/\/stefanschulz.com\/talkradio\/sucht-nach-storys\/\"><strong>Sucht nach Storys<\/strong><\/a> <br>\n                <span style=\"font-size: smaller;color:#777;\">Was steckt hinter der Story ums #Strachevideo?<\/span>\n            <\/td>\n        <\/tr>\n            <tr class=\"podcast_archive_element\">\n            <td class=\"date\">\n                <span class=\"release_date\">\n                    06.05.2019\n                <\/span>\n            <\/td>\n            <td class=\"title\">\n                <span style=\"color:#777;\">(23)<\/span> <a href=\"https:\/\/stefanschulz.com\/talkradio\/die-kuehnert-kontroverse\/\"><strong>Die K\u00fchnert-Kontroverse<\/strong><\/a> <br>\n                <span style=\"font-size: smaller;color:#777;\">Wer Kevin K\u00fchnert vorwirft, den demokratischen Diskurs zu verlassen, steht selbst schon fast drau\u00dfen.<\/span>\n            <\/td>\n        <\/tr>\n            <tr class=\"podcast_archive_element\">\n            <td class=\"date\">\n                <span class=\"release_date\">\n                    11.04.2019\n                <\/span>\n            <\/td>\n            <td class=\"title\">\n                <span style=\"color:#777;\">(22)<\/span> <a href=\"https:\/\/stefanschulz.com\/talkradio\/die-chance-der-grundsteuerreform\/\"><strong>Die Chance der Grundsteuerreform<\/strong><\/a> <br>\n                <span style=\"font-size: smaller;color:#777;\">Die Grundsteuerreform k\u00f6nnte zum Galgen der Rentnerrepublik werden, oder die Urbanisierung modern und klug regeln<\/span>\n            <\/td>\n        <\/tr>\n            <tr class=\"podcast_archive_element\">\n            <td class=\"date\">\n                <span class=\"release_date\">\n                    02.04.2019\n                <\/span>\n            <\/td>\n            <td class=\"title\">\n                <span style=\"color:#777;\">(21)<\/span> <a href=\"https:\/\/stefanschulz.com\/talkradio\/demografie-als-geschichtsschreiber\/\"><strong>Demografie als Geschichtsschreiber<\/strong><\/a> <br>\n                <span style=\"font-size: smaller;color:#777;\">Ich lese Paul Morland \"The Human Tide\"<\/span>\n            <\/td>\n        <\/tr>\n            <tr class=\"podcast_archive_element\">\n            <td class=\"date\">\n                <span class=\"release_date\">\n                    12.03.2019\n                <\/span>\n            <\/td>\n            <td class=\"title\">\n                <span style=\"color:#777;\">(20)<\/span> <a href=\"https:\/\/stefanschulz.com\/talkradio\/facebook-als-amtsstube\/\"><strong>Facebook als Amtsstube<\/strong><\/a> <br>\n                <span style=\"font-size: smaller;color:#777;\">Facebook organisiert unsere digitalen Identit\u00e4ten wie niemand sonst. Der Staat kann dem Angebot nicht l\u00e4nger widerstehen.<\/span>\n            <\/td>\n        <\/tr>\n            <tr class=\"podcast_archive_element\">\n            <td class=\"date\">\n                <span class=\"release_date\">\n                    02.03.2019\n                <\/span>\n            <\/td>\n            <td class=\"title\">\n                <span style=\"color:#777;\">(19)<\/span> <a href=\"https:\/\/stefanschulz.com\/talkradio\/das-netz-als-gesetz\/\"><strong>Das Netz als Gesetz<\/strong><\/a> <br>\n                <span style=\"font-size: smaller;color:#777;\">Das Smartphone-Zeitalter geht vorbei. Ab jetzt gelten die Regeln der Netze. Ich diskutiere es mit etlichen Podcastdiskussionen.<\/span>\n            <\/td>\n        <\/tr>\n            <tr class=\"podcast_archive_element\">\n            <td class=\"date\">\n                <span class=\"release_date\">\n                    19.02.2019\n                <\/span>\n            <\/td>\n            <td class=\"title\">\n                <span style=\"color:#777;\">(18)<\/span> <a href=\"https:\/\/stefanschulz.com\/talkradio\/obergrenze-fuer-mietpreise\/\"><strong>Obergrenze f\u00fcr Mietpreise<\/strong><\/a> <br>\n                <span style=\"font-size: smaller;color:#777;\">Orts\u00fcbliche Mieten sind k\u00fcnstliche Preise, die Politik darf sie deckeln.<\/span>\n            <\/td>\n        <\/tr>\n            <tr class=\"podcast_archive_element\">\n            <td class=\"date\">\n                <span class=\"release_date\">\n                    12.02.2019\n                <\/span>\n            <\/td>\n            <td class=\"title\">\n                <span style=\"color:#777;\">(17)<\/span> <a href=\"https:\/\/stefanschulz.com\/talkradio\/babyboom-als-taschenspielertrick\/\"><strong>Babyboom als Taschenspielertrick<\/strong><\/a> <br>\n                <span style=\"font-size: smaller;color:#777;\">Ich lese \"Empty Planet\" von Darrell Bricker und John Ibbitson<\/span>\n            <\/td>\n        <\/tr>\n            <tr class=\"podcast_archive_element\">\n            <td class=\"date\">\n                <span class=\"release_date\">\n                    25.01.2019\n                <\/span>\n            <\/td>\n            <td class=\"title\">\n                <span style=\"color:#777;\">(16)<\/span> <a href=\"https:\/\/stefanschulz.com\/talkradio\/twitter-ist-unser-schicksal\/\"><strong>Twitter ist unser Schicksal<\/strong><\/a> <br>\n                <span style=\"font-size: smaller;color:#777;\">Man kann nicht mehr nicht twittern. Die Fehlspezifikationen in der Technologie ziehen die soziale Welt in Mitleidenschaft.<\/span>\n            <\/td>\n        <\/tr>\n            <tr class=\"podcast_archive_element\">\n            <td class=\"date\">\n                <span class=\"release_date\">\n                    10.01.2019\n                <\/span>\n            <\/td>\n            <td class=\"title\">\n                <span style=\"color:#777;\">(15)<\/span> <a href=\"https:\/\/stefanschulz.com\/talkradio\/japan-ist-nah-aber-schon-weiter\/\"><strong>Japan ist nah, aber schon weiter<\/strong><\/a> <br>\n                <span style=\"font-size: smaller;color:#777;\">Ich rede \u00fcber Fake-Familien in Japan und kulturelle Opfergaben der Rentnerrepublik<\/span>\n            <\/td>\n        <\/tr>\n            <tr class=\"podcast_archive_element\">\n            <td class=\"date\">\n                <span class=\"release_date\">\n                    04.01.2019\n                <\/span>\n            <\/td>\n            <td class=\"title\">\n                <span style=\"color:#777;\">(14)<\/span> <a href=\"https:\/\/stefanschulz.com\/talkradio\/einsamkeit-waechst-mit-dem-wohnraum\/\"><strong>Einsamkeit w\u00e4chst mit dem Wohnraum<\/strong><\/a> <br>\n                <span style=\"font-size: smaller;color:#777;\">Ich rede \u00fcber Einsamkeit als Medienthema und dann \u00fcbers Wohnen<\/span>\n            <\/td>\n        <\/tr>\n            <tr class=\"podcast_archive_element\">\n            <td class=\"date\">\n                <span class=\"release_date\">\n                    20.12.2018\n                <\/span>\n            <\/td>\n            <td class=\"title\">\n                <span style=\"color:#777;\">(13)<\/span> <a href=\"https:\/\/stefanschulz.com\/talkradio\/journalismus-nach-relotius\/\"><strong>Journalismus nach #Relotius<\/strong><\/a> <br>\n                <span style=\"font-size: smaller;color:#777;\">Die Reportage ist ein gescheitertes Format<\/span>\n            <\/td>\n        <\/tr>\n            <tr class=\"podcast_archive_element\">\n            <td class=\"date\">\n                <span class=\"release_date\">\n                    28.11.2018\n                <\/span>\n            <\/td>\n            <td class=\"title\">\n                <span style=\"color:#777;\">(12)<\/span> <a href=\"https:\/\/stefanschulz.com\/talkradio\/migration-als-demographische-magie\/\"><strong>Migration als demographische Magie<\/strong><\/a> <br>\n                <span style=\"font-size: smaller;color:#777;\">Wir vergleichen Deutschland und Japan und gucken Nachrichten \u00fcbers Erben und Armut<\/span>\n            <\/td>\n        <\/tr>\n            <tr class=\"podcast_archive_element\">\n            <td class=\"date\">\n                <span class=\"release_date\">\n                    12.11.2018\n                <\/span>\n            <\/td>\n            <td class=\"title\">\n                <span style=\"color:#777;\">(11)<\/span> <a href=\"https:\/\/stefanschulz.com\/talkradio\/gibts-wirklich-keine-millennials\/\"><strong>Gibt's wirklich keine Millennials?<\/strong><\/a> <br>\n                <span style=\"font-size: smaller;color:#777;\">Ich lese Martin Schr\u00f6ders Text zum \"Generationenmythos\"<\/span>\n            <\/td>\n        <\/tr>\n            <tr class=\"podcast_archive_element\">\n            <td class=\"date\">\n                <span class=\"release_date\">\n                    05.11.2018\n                <\/span>\n            <\/td>\n            <td class=\"title\">\n                <span style=\"color:#777;\">(10)<\/span> <a href=\"https:\/\/stefanschulz.com\/talkradio\/opferolympiaden-haben-keine-sieger\/\"><strong>Opferolympiaden haben keine Sieger<\/strong><\/a> <br>\n                <span style=\"font-size: smaller;color:#777;\">Ich lese Kommentare<\/span>\n            <\/td>\n        <\/tr>\n            <tr class=\"podcast_archive_element\">\n            <td class=\"date\">\n                <span class=\"release_date\">\n                    25.10.2018\n                <\/span>\n            <\/td>\n            <td class=\"title\">\n                <span style=\"color:#777;\">(9)<\/span> <a href=\"https:\/\/stefanschulz.com\/talkradio\/hundert-aber-nicht-alt\/\"><strong>Hundert, aber nicht alt<\/strong><\/a> <br>\n                <span style=\"font-size: smaller;color:#777;\">Ich gucke eine Reportage \u00fcber die Alten in Japan<\/span>\n            <\/td>\n        <\/tr>\n            <tr class=\"podcast_archive_element\">\n            <td class=\"date\">\n                <span class=\"release_date\">\n                    15.10.2018\n                <\/span>\n            <\/td>\n            <td class=\"title\">\n                <span style=\"color:#777;\">(8)<\/span> <a href=\"https:\/\/stefanschulz.com\/talkradio\/influencer-und-innovationen-bei-der-buchmesse\/\"><strong>Influencer und Innovationen auf der Buchmesse<\/strong><\/a> <br>\n                <span style=\"font-size: smaller;color:#777;\">Kleiner Blick in die Buchmesse, die mitten in der Rentnerrepublik stattfand<\/span>\n            <\/td>\n        <\/tr>\n            <tr class=\"podcast_archive_element\">\n            <td class=\"date\">\n                <span class=\"release_date\">\n                    08.10.2018\n                <\/span>\n            <\/td>\n            <td class=\"title\">\n                <span style=\"color:#777;\">(7)<\/span> <a href=\"https:\/\/stefanschulz.com\/talkradio\/wem-die-afd-ihr-angebot-macht\/\"><strong>Wem die AfD ihr Angebot macht<\/strong><\/a> <br>\n                <span style=\"font-size: smaller;color:#777;\">Wenn Eigentum weniger erarbeitet als verteidigt wird, \u00e4ndert sich die DNA einer Gesellschaft.<\/span>\n            <\/td>\n        <\/tr>\n            <tr class=\"podcast_archive_element\">\n            <td class=\"date\">\n                <span class=\"release_date\">\n                    26.09.2018\n                <\/span>\n            <\/td>\n            <td class=\"title\">\n                <span style=\"color:#777;\">(6)<\/span> <a href=\"https:\/\/stefanschulz.com\/talkradio\/eigentum-vs-engagement\/\"><strong>Eigentum vs. Engagement<\/strong><\/a> <br>\n                <span style=\"font-size: smaller;color:#777;\">Was treibt die Gesellschaft auseinander?<\/span>\n            <\/td>\n        <\/tr>\n            <tr class=\"podcast_archive_element\">\n            <td class=\"date\">\n                <span class=\"release_date\">\n                    17.09.2018\n                <\/span>\n            <\/td>\n            <td class=\"title\">\n                <span style=\"color:#777;\">(5)<\/span> <a href=\"https:\/\/stefanschulz.com\/talkradio\/buecher-kleben-am-papier\/\"><strong>B\u00fccher kleben am Papier<\/strong><\/a> <br>\n                <span style=\"font-size: smaller;color:#777;\">B\u00fccher zu drucken geht ins Geld, ich rechne es heute durch<\/span>\n            <\/td>\n        <\/tr>\n            <tr class=\"podcast_archive_element\">\n            <td class=\"date\">\n                <span class=\"release_date\">\n                    11.09.2018\n                <\/span>\n            <\/td>\n            <td class=\"title\">\n                <span style=\"color:#777;\">(4)<\/span> <a href=\"https:\/\/stefanschulz.com\/talkradio\/trost-oder-tabubruch\/\"><strong>Tabubruch, oder Trost?<\/strong><\/a> <br>\n                <span style=\"font-size: smaller;color:#777;\">Ich lese eure Kommentare, wir reden \u00fcber die Verkn\u00fcpfung von Demokratie und Wohlstand und bewundern die Idee von Selbstverwirklichung<\/span>\n            <\/td>\n        <\/tr>\n            <tr class=\"podcast_archive_element\">\n            <td class=\"date\">\n                <span class=\"release_date\">\n                    05.09.2018\n                <\/span>\n            <\/td>\n            <td class=\"title\">\n                <span style=\"color:#777;\">(3)<\/span> <a href=\"https:\/\/stefanschulz.com\/talkradio\/rentnerrepublik-in-chemnitz\/\"><strong>Rentnerrepublik in Chemnitz<\/strong><\/a> <br>\n                <span style=\"font-size: smaller;color:#777;\">Was geschieht, wenn den kritischen Alten die aufm\u00fcpfigen Jungen fehlen und sie sich neue Opfer suchen?<\/span>\n            <\/td>\n        <\/tr>\n            <tr class=\"podcast_archive_element\">\n            <td class=\"date\">\n                <span class=\"release_date\">\n                    29.08.2018\n                <\/span>\n            <\/td>\n            <td class=\"title\">\n                <span style=\"color:#777;\">(2)<\/span> <a href=\"https:\/\/stefanschulz.com\/talkradio\/sags-in-7-minuten\/\"><strong>Sag's in 7 Minuten<\/strong><\/a> <br>\n                <span style=\"font-size: smaller;color:#777;\">Wir diskutieren das H\u00f6ren und Lesen von B\u00fcchern, reden \u00fcber Schreibwerkzeuge und machen einen ersten Ausflug in die Rentnerrepublik<\/span>\n            <\/td>\n        <\/tr>\n            <tr class=\"podcast_archive_element\">\n            <td class=\"date\">\n                <span class=\"release_date\">\n                    21.08.2018\n                <\/span>\n            <\/td>\n            <td class=\"title\">\n                <span style=\"color:#777;\">(1)<\/span> <a href=\"https:\/\/stefanschulz.com\/talkradio\/lest-weniger-donuts\/\"><strong>Lest weniger Donuts!<\/strong><\/a> <br>\n                <span style=\"font-size: smaller;color:#777;\">Hier entsteht ein Buch und zum Einstieg kl\u00e4ren wir erstmal Formatfragen.<\/span>\n            <\/td>\n        <\/tr>\n        <\/tbody>\n<\/table>\n\n<style type=\"text\/css\">\n.podcast_archive_element .thumbnail {\n    width: 64px;\n    padding: 5px !important;\n}\n\n.podcast_archive_element td {\n    vertical-align: top;\n}\n<\/style>\n<\/p>\n","protected":false},"excerpt":{"rendered":"","protected":false},"author":1,"featured_media":0,"parent":0,"menu_order":0,"comment_status":"closed","ping_status":"closed","template":"","meta":{"footnotes":""},"class_list":["post-729","page","type-page","status-publish","hentry"],"_links":{"self":[{"href":"https:\/\/stefanschulz.com\/talkradio\/wp-json\/wp\/v2\/pages\/729"}],"collection":[{"href":"https:\/\/stefanschulz.com\/talkradio\/wp-json\/wp\/v2\/pages"}],"about":[{"href":"https:\/\/stefanschulz.com\/talkradio\/wp-json\/wp\/v2\/types\/page"}],"author":[{"embeddable":true,"href":"https:\/\/stefanschulz.com\/talkradio\/wp-json\/wp\/v2\/users\/1"}],"replies":[{"embeddable":true,"href":"https:\/\/stefanschulz.com\/talkradio\/wp-json\/wp\/v2\/comments?post=729"}],"version-history":[{"count":3,"href":"https:\/\/stefanschulz.com\/talkradio\/wp-json\/wp\/v2\/pages\/729\/revisions"}],"predecessor-version":[{"id":789,"href":"https:\/\/stefanschulz.com\/talkradio\/wp-json\/wp\/v2\/pages\/729\/revisions\/789"}],"wp:attachment":[{"href":"https:\/\/stefanschulz.com\/talkradio\/wp-json\/wp\/v2\/media?parent=729"}],"curies":[{"name":"wp","href":"https:\/\/api.w.org\/{rel}","templated":true}]}}